{"id":33,"date":"2025-12-14T23:41:41","date_gmt":"2025-12-14T22:41:41","guid":{"rendered":"https:\/\/klubostrowite.geekhost.pl\/?page_id=33"},"modified":"2025-12-15T00:29:25","modified_gmt":"2025-12-14T23:29:25","slug":"o-nas","status":"publish","type":"page","link":"https:\/\/klubostrowite.geekhost.pl\/?page_id=33","title":{"rendered":"O nas"},"content":{"rendered":"\n<h2 class=\"wp-block-heading\"><strong>Gminny Klub Dzieci\u0119cy w Ostrowitem: Przestrze\u0144 inspiracji dla najm\u0142odszych<\/strong><\/h2>\n\n\n\n<p>W samym centrum Ostrowitego, przy ulicy Szkolnej 4, dzia\u0142a wyj\u0105tkowe miejsce stworzone z my\u015bl\u0105 o najm\u0142odszych \u2013 Gminny Klub Dzieci\u0119cy. To przytulna przestrze\u0144, w kt\u00f3rej dzieci mog\u0105 w tw\u00f3rczy spos\u00f3b odkrywa\u0107 \u015bwiat, rozwija\u0107 swoje pasje i zara\u017ca\u0107 si\u0119 rado\u015bci\u0105 nauki.<\/p>\n\n\n\n<p>Kluczem do sukcesu klubu jest do\u015bwiadczona i zaanga\u017cowana kadra pedagog\u00f3w oraz instruktor\u00f3w. Dzi\u0119ki ich indywidualnemu podej\u015bciu, ka\u017cde dziecko czuje si\u0119 dostrze\u017cone, wspierane i zach\u0119cane do eksperymentowania w r\u00f3\u017cnych dziedzinach. Oferta zaj\u0119\u0107 jest niezwykle r\u00f3\u017cnorodna \u2013 od warsztat\u00f3w plastycznych i artystycznych, przez taniec i muzyk\u0119, po zabawy j\u0119zykowe. Taki wyb\u00f3r pozwala ka\u017cdemu maluchowi znale\u017a\u0107 co\u015b dla siebie i rozwija\u0107 si\u0119 w przyjaznej, bezpiecznej atmosferze.<\/p>\n\n\n\n<p>Gminny Klub Dzieci\u0119cy to co\u015b wi\u0119cej ni\u017c miejsce zaj\u0119\u0107. To \u015brodowisko, kt\u00f3re holistycznie wspiera rozw\u00f3j dziecka: intelektualny, spo\u0142eczny i emocjonalny. Najlepiej przekona\u0107 si\u0119 o tym osobi\u015bcie \u2013 serdecznie zapraszamy na&nbsp;<strong>drzwi otwarte<\/strong>, by zobaczy\u0107 nasz\u0105 prac\u0119 od kuchni.<\/p>\n\n\n\n<p>Je\u015bli szukasz dla swojego dziecka miejsca pe\u0142nego inspiracji, w kt\u00f3rym nauka \u0142\u0105czy si\u0119 z doskona\u0142\u0105 zabaw\u0105,&nbsp;<strong>Gminny Klub Dzieci\u0119cy w Ostrowitem<\/strong>&nbsp;jest w\u0142a\u015bnie tym adresem. Tutaj dzieci\u0119ce marzenia znajduj\u0105 skrzyd\u0142a.<\/p>\n\n\n\n<p><strong>Zadzwo\u0144 lub napisz do nas ju\u017c dzi\u015b!<\/strong><\/p>\n","protected":false},"excerpt":{"rendered":"<p>Gminny Klub Dzieci\u0119cy w Ostrowitem: Przestrze\u0144 inspiracji dla najm\u0142odszych W samym centrum Ostrowitego, przy ulicy Szkolnej 4, dzia\u0142a wyj\u0105tkowe miejsce stworzone z my\u015bl\u0105 o najm\u0142odszych \u2013 Gminny Klub Dzieci\u0119cy. To przytulna przestrze\u0144, w kt\u00f3rej dzieci mog\u0105 w tw\u00f3rczy spos\u00f3b odkrywa\u0107 \u015bwiat, rozwija\u0107 swoje pasje i zara\u017ca\u0107 si\u0119 rado\u015bci\u0105 nauki. Kluczem do sukcesu klubu jest do\u015bwiadczona [&hellip;]<\/p>\n","protected":false},"author":1,"featured_media":0,"parent":0,"menu_order":0,"comment_status":"closed","ping_status":"closed","template":"","meta":{"footnotes":""},"class_list":["post-33","page","type-page","status-publish","hentry"],"_links":{"self":[{"href":"https:\/\/klubostrowite.geekhost.pl\/index.php?rest_route=\/wp\/v2\/pages\/33","targetHints":{"allow":["GET"]}}],"collection":[{"href":"https:\/\/klubostrowite.geekhost.pl\/index.php?rest_route=\/wp\/v2\/pages"}],"about":[{"href":"https:\/\/klubostrowite.geekhost.pl\/index.php?rest_route=\/wp\/v2\/types\/page"}],"author":[{"embeddable":true,"href":"https:\/\/klubostrowite.geekhost.pl\/index.php?rest_route=\/wp\/v2\/users\/1"}],"replies":[{"embeddable":true,"href":"https:\/\/klubostrowite.geekhost.pl\/index.php?rest_route=%2Fwp%2Fv2%2Fcomments&post=33"}],"version-history":[{"count":3,"href":"https:\/\/klubostrowite.geekhost.pl\/index.php?rest_route=\/wp\/v2\/pages\/33\/revisions"}],"predecessor-version":[{"id":60,"href":"https:\/\/klubostrowite.geekhost.pl\/index.php?rest_route=\/wp\/v2\/pages\/33\/revisions\/60"}],"wp:attachment":[{"href":"https:\/\/klubostrowite.geekhost.pl\/index.php?rest_route=%2Fwp%2Fv2%2Fmedia&parent=33"}],"curies":[{"name":"wp","href":"https:\/\/api.w.org\/{rel}","templated":true}]}}