{"id":43,"date":"2025-12-14T23:57:31","date_gmt":"2025-12-14T22:57:31","guid":{"rendered":"https:\/\/klubostrowite.geekhost.pl\/?page_id=43"},"modified":"2025-12-15T00:28:58","modified_gmt":"2025-12-14T23:28:58","slug":"status","status":"publish","type":"page","link":"https:\/\/klubostrowite.geekhost.pl\/?page_id=43","title":{"rendered":"Status"},"content":{"rendered":"\n<h2 class=\"wp-block-heading has-text-align-center\">Pozna\u0144, dnia 22 lipca 2019 r. <\/h2>\n\n\n\n<h2 class=\"wp-block-heading has-text-align-center\">Poz. 6810 <\/h2>\n\n\n\n<p>UCHWA\u0141A NR X\/111\/2019 RADY GMINY OSTROWITE z dnia 18 czerwca 2019 r. w sprawie utworzenia Gminnego Klubu Dzieci\u0119cego, dla kt\u00f3rego Gmina Ostrowite jest organem prowadz\u0105cym oraz nadania statut.<\/p>\n\n\n\n<p><a href=\"https:\/\/klubostrowite.geekhost.pl\/wp-content\/uploads\/2025\/12\/download_1752839551uchwala-w-sprawie-utworzenia-Klubu-Ostrowite.pdf\">Pobierz plik PDF<\/a><\/p>\n\n\n\n<div data-wp-interactive=\"core\/file\" class=\"wp-block-file\"><object data-wp-bind--hidden=\"!state.hasPdfPreview\" hidden class=\"wp-block-file__embed\" data=\"https:\/\/klubostrowite.geekhost.pl\/wp-content\/uploads\/2025\/12\/download_1752839551uchwala-w-sprawie-utworzenia-Klubu-Ostrowite.pdf\" type=\"application\/pdf\" style=\"width:100%;height:600px\" aria-label=\"Embed of download_1752839551uchwa\u0142a w sprawie utworzenia Klubu Ostrowite.\"><\/object><a id=\"wp-block-file--media-59e6033e-6041-4c5a-815c-8c41f7c6ac17\" href=\"https:\/\/klubostrowite.geekhost.pl\/wp-content\/uploads\/2025\/12\/download_1752839551uchwala-w-sprawie-utworzenia-Klubu-Ostrowite.pdf\">download_1752839551uchwa\u0142a w sprawie utworzenia Klubu Ostrowite<\/a><a href=\"https:\/\/klubostrowite.geekhost.pl\/wp-content\/uploads\/2025\/12\/download_1752839551uchwala-w-sprawie-utworzenia-Klubu-Ostrowite.pdf\" class=\"wp-block-file__button wp-element-button\" download aria-describedby=\"wp-block-file--media-59e6033e-6041-4c5a-815c-8c41f7c6ac17\">Pobierz<\/a><\/div>\n","protected":false},"excerpt":{"rendered":"<p>Pozna\u0144, dnia 22 lipca 2019 r. Poz. 6810 UCHWA\u0141A NR X\/111\/2019 RADY GMINY OSTROWITE z dnia 18 czerwca 2019 r. w sprawie utworzenia Gminnego Klubu Dzieci\u0119cego, dla kt\u00f3rego Gmina Ostrowite jest organem prowadz\u0105cym oraz nadania statut. Pobierz plik PDF<\/p>\n","protected":false},"author":1,"featured_media":0,"parent":0,"menu_order":0,"comment_status":"closed","ping_status":"closed","template":"","meta":{"footnotes":""},"class_list":["post-43","page","type-page","status-publish","hentry"],"_links":{"self":[{"href":"https:\/\/klubostrowite.geekhost.pl\/index.php?rest_route=\/wp\/v2\/pages\/43","targetHints":{"allow":["GET"]}}],"collection":[{"href":"https:\/\/klubostrowite.geekhost.pl\/index.php?rest_route=\/wp\/v2\/pages"}],"about":[{"href":"https:\/\/klubostrowite.geekhost.pl\/index.php?rest_route=\/wp\/v2\/types\/page"}],"author":[{"embeddable":true,"href":"https:\/\/klubostrowite.geekhost.pl\/index.php?rest_route=\/wp\/v2\/users\/1"}],"replies":[{"embeddable":true,"href":"https:\/\/klubostrowite.geekhost.pl\/index.php?rest_route=%2Fwp%2Fv2%2Fcomments&post=43"}],"version-history":[{"count":4,"href":"https:\/\/klubostrowite.geekhost.pl\/index.php?rest_route=\/wp\/v2\/pages\/43\/revisions"}],"predecessor-version":[{"id":59,"href":"https:\/\/klubostrowite.geekhost.pl\/index.php?rest_route=\/wp\/v2\/pages\/43\/revisions\/59"}],"wp:attachment":[{"href":"https:\/\/klubostrowite.geekhost.pl\/index.php?rest_route=%2Fwp%2Fv2%2Fmedia&parent=43"}],"curies":[{"name":"wp","href":"https:\/\/api.w.org\/{rel}","templated":true}]}}