{"id":48,"date":"2025-12-15T00:14:26","date_gmt":"2025-12-14T23:14:26","guid":{"rendered":"https:\/\/klubostrowite.geekhost.pl\/?page_id=48"},"modified":"2025-12-15T00:15:15","modified_gmt":"2025-12-14T23:15:15","slug":"status-klubu-dzieciecego-w-ostrowitem","status":"publish","type":"page","link":"https:\/\/klubostrowite.geekhost.pl\/?page_id=48","title":{"rendered":"Status Klubu Dzieci\u0119cego w Ostrowitem"},"content":{"rendered":"\n<p>Pozna\u0144, dnia 22 lipca 2019 r. <\/p>\n\n\n\n<p>Poz. 6810 <\/p>\n\n\n\n<p>UCHWA\u0141A NR X\/111\/2019 RADY GMINY OSTROWITE z dnia 18 czerwca 2019 r. w sprawie utworzenia Gminnego Klubu Dzieci\u0119cego, dla kt\u00f3rego Gmina Ostrowite jest organem prowadz\u0105cym oraz nadania statut.<\/p>\n\n\n\n<p><a href=\"https:\/\/klubostrowite.geekhost.pl\/wp-content\/uploads\/2025\/12\/download_1752839551uchwala-w-sprawie-utworzenia-Klubu-Ostrowite.pdf\">Pobierz dokument PDF<\/a><\/p>\n\n\n\n<div data-wp-interactive=\"core\/file\" class=\"wp-block-file\"><object data-wp-bind--hidden=\"!state.hasPdfPreview\" hidden class=\"wp-block-file__embed\" data=\"https:\/\/klubostrowite.geekhost.pl\/wp-content\/uploads\/2025\/12\/download_1752839551uchwala-w-sprawie-utworzenia-Klubu-Ostrowite.pdf\" type=\"application\/pdf\" style=\"width:100%;height:600px\" aria-label=\"Embed of download_1752839551uchwa\u0142a w sprawie utworzenia Klubu Ostrowite.\"><\/object><a id=\"wp-block-file--media-8d83518f-5a10-4406-b330-25afbcb153db\" href=\"https:\/\/klubostrowite.geekhost.pl\/wp-content\/uploads\/2025\/12\/download_1752839551uchwala-w-sprawie-utworzenia-Klubu-Ostrowite.pdf\">download_1752839551uchwa\u0142a w sprawie utworzenia Klubu Ostrowite<\/a><a href=\"https:\/\/klubostrowite.geekhost.pl\/wp-content\/uploads\/2025\/12\/download_1752839551uchwala-w-sprawie-utworzenia-Klubu-Ostrowite.pdf\" class=\"wp-block-file__button wp-element-button\" download aria-describedby=\"wp-block-file--media-8d83518f-5a10-4406-b330-25afbcb153db\">Pobierz<\/a><\/div>\n","protected":false},"excerpt":{"rendered":"<p>Pozna\u0144, dnia 22 lipca 2019 r. Poz. 6810 UCHWA\u0141A NR X\/111\/2019 RADY GMINY OSTROWITE z dnia 18 czerwca 2019 r. w sprawie utworzenia Gminnego Klubu Dzieci\u0119cego, dla kt\u00f3rego Gmina Ostrowite jest organem prowadz\u0105cym oraz nadania statut. Pobierz dokument PDF<\/p>\n","protected":false},"author":1,"featured_media":0,"parent":0,"menu_order":0,"comment_status":"closed","ping_status":"closed","template":"","meta":{"footnotes":""},"class_list":["post-48","page","type-page","status-publish","hentry"],"_links":{"self":[{"href":"https:\/\/klubostrowite.geekhost.pl\/index.php?rest_route=\/wp\/v2\/pages\/48","targetHints":{"allow":["GET"]}}],"collection":[{"href":"https:\/\/klubostrowite.geekhost.pl\/index.php?rest_route=\/wp\/v2\/pages"}],"about":[{"href":"https:\/\/klubostrowite.geekhost.pl\/index.php?rest_route=\/wp\/v2\/types\/page"}],"author":[{"embeddable":true,"href":"https:\/\/klubostrowite.geekhost.pl\/index.php?rest_route=\/wp\/v2\/users\/1"}],"replies":[{"embeddable":true,"href":"https:\/\/klubostrowite.geekhost.pl\/index.php?rest_route=%2Fwp%2Fv2%2Fcomments&post=48"}],"version-history":[{"count":2,"href":"https:\/\/klubostrowite.geekhost.pl\/index.php?rest_route=\/wp\/v2\/pages\/48\/revisions"}],"predecessor-version":[{"id":51,"href":"https:\/\/klubostrowite.geekhost.pl\/index.php?rest_route=\/wp\/v2\/pages\/48\/revisions\/51"}],"wp:attachment":[{"href":"https:\/\/klubostrowite.geekhost.pl\/index.php?rest_route=%2Fwp%2Fv2%2Fmedia&parent=48"}],"curies":[{"name":"wp","href":"https:\/\/api.w.org\/{rel}","templated":true}]}}